{"id":410,"date":"2024-01-08T15:11:50","date_gmt":"2024-01-08T15:11:50","guid":{"rendered":"https:\/\/gprodrc.com\/?page_id=410"},"modified":"2024-01-20T09:38:15","modified_gmt":"2024-01-20T09:38:15","slug":"import-export","status":"publish","type":"page","link":"https:\/\/gprodrc.com\/fr\/import-export\/","title":{"rendered":"Transitaire en Douane"},"content":{"rendered":"<div data-elementor-type=\"wp-page\" data-elementor-id=\"410\" class=\"elementor elementor-410\" data-elementor-post-type=\"page\">\n\t\t\t\t<div data-particle_enable=\"false\" data-particle-mobile-disabled=\"false\" class=\"elementor-element elementor-element-4a01541 e-flex e-con-boxed e-con e-parent\" data-id=\"4a01541\" data-element_type=\"container\" data-e-type=\"container\">\n\t\t\t\t\t<div class=\"e-con-inner\">\n\t\t<div data-particle_enable=\"false\" data-particle-mobile-disabled=\"false\" class=\"elementor-element elementor-element-e91da97 e-flex e-con-boxed e-con e-child\" data-id=\"e91da97\" data-element_type=\"container\" data-e-type=\"container\">\n\t\t\t\t\t<div class=\"e-con-inner\">\n\t\t\t\t<div class=\"elementor-element elementor-element-1677717 eael-dual-header-content-align-center elementor-widget elementor-widget-eael-dual-color-header\" data-id=\"1677717\" data-element_type=\"widget\" data-e-type=\"widget\" data-widget_type=\"eael-dual-color-header.default\">\n\t\t\t\t<div class=\"elementor-widget-container\">\n\t\t\t\t\t\t\t\t<div class=\"eael-dual-header\">\n\t\t\t\t\t\t\t\t\t<span class=\"eael-dch-svg-icon\"><svg aria-hidden=\"true\" class=\"e-font-icon-svg e-fas-ship\" viewbox=\"0 0 640 512\" xmlns=\"http:\/\/www.w3.org\/2000\/svg\"><path d=\"M496.616 372.639l70.012-70.012c16.899-16.9 9.942-45.771-12.836-53.092L512 236.102V96c0-17.673-14.327-32-32-32h-64V24c0-13.255-10.745-24-24-24H248c-13.255 0-24 10.745-24 24v40h-64c-17.673 0-32 14.327-32 32v140.102l-41.792 13.433c-22.753 7.313-29.754 36.173-12.836 53.092l70.012 70.012C125.828 416.287 85.587 448 24 448c-13.255 0-24 10.745-24 24v16c0 13.255 10.745 24 24 24 61.023 0 107.499-20.61 143.258-59.396C181.677 487.432 216.021 512 256 512h128c39.979 0 74.323-24.568 88.742-59.396C508.495 491.384 554.968 512 616 512c13.255 0 24-10.745 24-24v-16c0-13.255-10.745-24-24-24-60.817 0-101.542-31.001-119.384-75.361zM192 128h256v87.531l-118.208-37.995a31.995 31.995 0 0 0-19.584 0L192 215.531V128z\"><\/path><\/svg><\/span>\t\t\t\t\t\t\t\t<h2 class=\"title eael-dch-title\"><span class=\"eael-dch-title-text eael-dch-title-lead lead solid-color\">Customs<\/span> <span class=\"eael-dch-title-text\">Forwarder<\/span><\/h2>\t\t\t\t<span class=\"subtext\"><p><strong>Nous facilitons les \u00e9changes commerciaux. Du pr\u00e9-d\u00e9douanement au post-d\u00e9douanement, nous nous occupons de tout.<\/strong><\/p><\/span>\n\t\t\t<\/div>\n\t\t\t\t\t\t<\/div>\n\t\t\t\t<\/div>\n\t\t\t\t\t<\/div>\n\t\t\t\t<\/div>\n\t\t\t\t\t<\/div>\n\t\t\t\t<\/div>\n\t\t<div data-particle_enable=\"false\" data-particle-mobile-disabled=\"false\" class=\"elementor-element elementor-element-74861c1d e-con-full e-flex e-con e-parent\" data-id=\"74861c1d\" data-element_type=\"container\" data-e-type=\"container\" data-settings=\"{&quot;background_background&quot;:&quot;classic&quot;}\">\n\t\t<div data-particle_enable=\"false\" data-particle-mobile-disabled=\"false\" class=\"elementor-element elementor-element-3de460ab e-con-full e-flex e-con e-child\" data-id=\"3de460ab\" data-element_type=\"container\" data-e-type=\"container\">\n\t\t\t\t<div class=\"elementor-element elementor-element-1b95d192 elementor-cta--layout-image-left elementor-cta--mobile-layout-image-above elementor-cta--valign-middle elementor-cta--skin-classic elementor-animated-content elementor-widget elementor-widget-call-to-action\" data-id=\"1b95d192\" data-element_type=\"widget\" data-e-type=\"widget\" data-widget_type=\"call-to-action.default\">\n\t\t\t\t<div class=\"elementor-widget-container\">\n\t\t\t\t\t\t\t<div class=\"elementor-cta\">\n\t\t\t\t\t<div class=\"elementor-cta__bg-wrapper\">\n\t\t\t\t<div class=\"elementor-cta__bg elementor-bg\" style=\"background-image: url(https:\/\/gprodrc.com\/wp-content\/uploads\/2024\/01\/17-1024x535.jpg);\" role=\"img\" aria-label=\"17\"><\/div>\n\t\t\t\t<div class=\"elementor-cta__bg-overlay\"><\/div>\n\t\t\t<\/div>\n\t\t\t\t\t\t\t\t<\/div>\n\t\t\t\t\t\t<\/div>\n\t\t\t\t<\/div>\n\t\t\t\t<\/div>\n\t\t<div data-particle_enable=\"false\" data-particle-mobile-disabled=\"false\" class=\"elementor-element elementor-element-31ee0ffd e-con-full e-flex e-con e-child\" data-id=\"31ee0ffd\" data-element_type=\"container\" data-e-type=\"container\">\n\t\t\t\t<div class=\"elementor-element elementor-element-5507fae2 elementor-widget elementor-widget-heading\" data-id=\"5507fae2\" data-element_type=\"widget\" data-e-type=\"widget\" data-widget_type=\"heading.default\">\n\t\t\t\t<div class=\"elementor-widget-container\">\n\t\t\t\t\t<h3 class=\"elementor-heading-title elementor-size-default\">Pr\u00e9-d\u00e9douanement<\/h3>\t\t\t\t<\/div>\n\t\t\t\t<\/div>\n\t\t\t\t<div class=\"elementor-element elementor-element-3ff05ca5 elementor-widget elementor-widget-text-editor\" data-id=\"3ff05ca5\" data-element_type=\"widget\" data-e-type=\"widget\" data-widget_type=\"text-editor.default\">\n\t\t\t\t<div class=\"elementor-widget-container\">\n\t\t\t\t\t\t\t\t\t<p style=\"font-weight: 400;\">Les services de pr\u00e9d\u00e9douanement sont une partie essentielle du processus d'importation ou d'exportation, car ils impliquent la pr\u00e9paration de tous les documents et papiers n\u00e9cessaires avant que les marchandises ne soient d\u00e9douan\u00e9es. Cela permet d'assurer un processus de d\u00e9douanement sans difficult\u00e9 et d'\u00e9viter les retards ou les probl\u00e8mes.<\/p><p style=\"font-weight: 400;\">\u00a0<\/p>\t\t\t\t\t\t\t\t<\/div>\n\t\t\t\t<\/div>\n\t\t\t\t<\/div>\n\t\t\t\t<\/div>\n\t\t<div data-particle_enable=\"false\" data-particle-mobile-disabled=\"false\" class=\"elementor-element elementor-element-6fcb74c e-flex e-con-boxed e-con e-parent\" data-id=\"6fcb74c\" data-element_type=\"container\" data-e-type=\"container\">\n\t\t\t\t\t<div class=\"e-con-inner\">\n\t\t\t\t<div class=\"elementor-element elementor-element-d510221 elementor-widget elementor-widget-text-editor\" data-id=\"d510221\" data-element_type=\"widget\" data-e-type=\"widget\" data-widget_type=\"text-editor.default\">\n\t\t\t\t<div class=\"elementor-widget-container\">\n\t\t\t\t\t\t\t\t\t<p>Notre \u00e9quipe exp\u00e9riment\u00e9s en mati\u00e8re de pr\u00e9d\u00e9douanement peut vous aider \u00e0 accomplir toute une s\u00e9rie de t\u00e2ches :<\/p>\t\t\t\t\t\t\t\t<\/div>\n\t\t\t\t<\/div>\n\t\t\t\t<div class=\"elementor-element elementor-element-4d04c74 elementor-widget elementor-widget-text-editor\" data-id=\"4d04c74\" data-element_type=\"widget\" data-e-type=\"widget\" data-widget_type=\"text-editor.default\">\n\t\t\t\t<div class=\"elementor-widget-container\">\n\t\t\t\t\t\t\t\t\t<ul><li style=\"font-style: inherit; font-weight: inherit;\"><b><strong>Classification et \u00e9valuation des marchandises<\/strong><\/b>: Nous vous aidons \u00e0 classer vos marchandises avec pr\u00e9cision et \u00e0 d\u00e9terminer la valeur correcte \u00e0 des fins douani\u00e8res.<\/li><li style=\"font-style: inherit; font-weight: inherit;\"><b><strong>Preparation de documents<\/strong><\/b>: Nous vous aidons \u00e0 pr\u00e9parer tous les documents n\u00e9cessaires, tels que les factures, les listes de contr\u00f4le, les permis et les manifestes d'exp\u00e9dition, afin de garantir un processus de d\u00e9douanement sans probl\u00e8me.<\/li><li style=\"font-style: inherit; font-weight: inherit;\"><b><strong>Conformit\u00e9 avec les r\u00e8glements<\/strong><\/b>: Nous veillons \u00e0 ce que toutes vos importations ou exportations soient conformes \u00e0 toutes les r\u00e9glementations en place, y compris les droits de douane.<\/li><li style=\"font-style: inherit; font-weight: inherit;\"><b><strong>Consultations pr\u00e9alables \u00e0 l'autorisation<\/strong><\/b>: Notre \u00e9quipe travaille avec vous pour comprendre vos besoins et vous aider \u00e0 pr\u00e9parer le processus de d\u00e9douanement.<\/li><\/ul>\t\t\t\t\t\t\t\t<\/div>\n\t\t\t\t<\/div>\n\t\t\t\t\t<\/div>\n\t\t\t\t<\/div>\n\t\t<div data-particle_enable=\"false\" data-particle-mobile-disabled=\"false\" class=\"elementor-element elementor-element-7e2b366 e-flex e-con-boxed e-con e-parent\" data-id=\"7e2b366\" data-element_type=\"container\" data-e-type=\"container\">\n\t\t\t\t\t<div class=\"e-con-inner\">\n\t\t<div data-particle_enable=\"false\" data-particle-mobile-disabled=\"false\" class=\"elementor-element elementor-element-1cf4e22 e-con-full e-flex e-con e-child\" data-id=\"1cf4e22\" data-element_type=\"container\" data-e-type=\"container\" data-settings=\"{&quot;background_background&quot;:&quot;classic&quot;}\">\n\t\t<div data-particle_enable=\"false\" data-particle-mobile-disabled=\"false\" class=\"elementor-element elementor-element-2bbb007 e-con-full e-flex e-con e-child\" data-id=\"2bbb007\" data-element_type=\"container\" data-e-type=\"container\">\n\t\t\t\t<div class=\"elementor-element elementor-element-2ec0d83 elementor-cta--layout-image-left elementor-cta--mobile-layout-image-above elementor-cta--valign-middle elementor-cta--skin-classic elementor-animated-content elementor-widget elementor-widget-call-to-action\" data-id=\"2ec0d83\" data-element_type=\"widget\" data-e-type=\"widget\" data-widget_type=\"call-to-action.default\">\n\t\t\t\t<div class=\"elementor-widget-container\">\n\t\t\t\t\t\t\t<div class=\"elementor-cta\">\n\t\t\t\t\t<div class=\"elementor-cta__bg-wrapper\">\n\t\t\t\t<div class=\"elementor-cta__bg elementor-bg\" style=\"background-image: url(https:\/\/gprodrc.com\/wp-content\/uploads\/2024\/01\/1be5ddc4-d04d-4caf-8404-10423bd7e0c7.jpeg);\" role=\"img\" aria-label=\"_1be5ddc4-d04d-4caf-8404-10423bd7e0c7\"><\/div>\n\t\t\t\t<div class=\"elementor-cta__bg-overlay\"><\/div>\n\t\t\t<\/div>\n\t\t\t\t\t\t\t\t<\/div>\n\t\t\t\t\t\t<\/div>\n\t\t\t\t<\/div>\n\t\t\t\t<\/div>\n\t\t<div data-particle_enable=\"false\" data-particle-mobile-disabled=\"false\" class=\"elementor-element elementor-element-0081120 e-con-full e-flex e-con e-child\" data-id=\"0081120\" data-element_type=\"container\" data-e-type=\"container\">\n\t\t\t\t<div class=\"elementor-element elementor-element-195e906 elementor-widget elementor-widget-heading\" data-id=\"195e906\" data-element_type=\"widget\" data-e-type=\"widget\" data-widget_type=\"heading.default\">\n\t\t\t\t<div class=\"elementor-widget-container\">\n\t\t\t\t\t<h3 class=\"elementor-heading-title elementor-size-default\">D\u00e9douanement<\/h3>\t\t\t\t<\/div>\n\t\t\t\t<\/div>\n\t\t\t\t<div class=\"elementor-element elementor-element-15fafa1 elementor-widget elementor-widget-text-editor\" data-id=\"15fafa1\" data-element_type=\"widget\" data-e-type=\"widget\" data-widget_type=\"text-editor.default\">\n\t\t\t\t<div class=\"elementor-widget-container\">\n\t\t\t\t\t\t\t\t\t<p style=\"font-weight: 400;\">Les services de d\u00e9douanement consistent \u00e0 g\u00e9rer le processus d'importation ou d'exportation de marchandises \u00e0 travers les fronti\u00e8res internationales. Ce processus peut \u00eatre complexe et prendre du temps, avec une s\u00e9rie de r\u00e8gles et de r\u00e9glementations \u00e0 respecter.<\/p>\t\t\t\t\t\t\t\t<\/div>\n\t\t\t\t<\/div>\n\t\t\t\t<\/div>\n\t\t\t\t<\/div>\n\t\t\t\t\t<\/div>\n\t\t\t\t<\/div>\n\t\t<div data-particle_enable=\"false\" data-particle-mobile-disabled=\"false\" class=\"elementor-element elementor-element-ac39b55 e-flex e-con-boxed e-con e-parent\" data-id=\"ac39b55\" data-element_type=\"container\" data-e-type=\"container\">\n\t\t\t\t\t<div class=\"e-con-inner\">\n\t\t\t\t<div class=\"elementor-element elementor-element-ac9b046 elementor-widget elementor-widget-text-editor\" data-id=\"ac9b046\" data-element_type=\"widget\" data-e-type=\"widget\" data-widget_type=\"text-editor.default\">\n\t\t\t\t<div class=\"elementor-widget-container\">\n\t\t\t\t\t\t\t\t\t<p>Notre \u00e9quipe exp\u00e9riment\u00e9s en mati\u00e8re de pr\u00e9d\u00e9douanement peut vous aider \u00e0 accomplir toute une s\u00e9rie de t\u00e2ches :<\/p>\t\t\t\t\t\t\t\t<\/div>\n\t\t\t\t<\/div>\n\t\t\t\t<div class=\"elementor-element elementor-element-72f78a5 elementor-widget elementor-widget-text-editor\" data-id=\"72f78a5\" data-element_type=\"widget\" data-e-type=\"widget\" data-widget_type=\"text-editor.default\">\n\t\t\t\t<div class=\"elementor-widget-container\">\n\t\t\t\t\t\t\t\t\t<ul type=\"disc\"><li><b>Gestion des pr\u00e9-alertes<\/b>\u00a0Nous nous occupons de toutes les informations pr\u00e9alables \u00e0 l'arriv\u00e9e des marchandises \u00e0 la fronti\u00e8re et d\u00e9finissons les mesures pratiques \u00e0 prendre d\u00e8s que les marchandises atteignent la douane.<\/li><\/ul><ul type=\"disc\"><li><b>Preparation de documents<\/b>\u00a0Nous rassemblons tous les documents n\u00e9cessaires \u00e0 la soumission d'une d\u00e9claration.<\/li><\/ul><ul type=\"disc\"><li><b>Suivi et communication :<\/b>\u00a0Nous vous informons de l'\u00e9tat d'avancement de la proc\u00e9dure de d\u00e9douanement et vous tenons au courant de l'\u00e9volution de la proc\u00e9dure dans le circuit douanier.<\/li><\/ul>\t\t\t\t\t\t\t\t<\/div>\n\t\t\t\t<\/div>\n\t\t\t\t\t<\/div>\n\t\t\t\t<\/div>\n\t\t<div data-particle_enable=\"false\" data-particle-mobile-disabled=\"false\" class=\"elementor-element elementor-element-3d54393 e-flex e-con-boxed e-con e-parent\" data-id=\"3d54393\" data-element_type=\"container\" data-e-type=\"container\">\n\t\t\t\t\t<div class=\"e-con-inner\">\n\t\t<div data-particle_enable=\"false\" data-particle-mobile-disabled=\"false\" class=\"elementor-element elementor-element-e1838a4 e-flex e-con-boxed e-con e-child\" data-id=\"e1838a4\" data-element_type=\"container\" data-e-type=\"container\">\n\t\t\t\t\t<div class=\"e-con-inner\">\n\t\t<div data-particle_enable=\"false\" data-particle-mobile-disabled=\"false\" class=\"elementor-element elementor-element-fbcb81d e-con-full e-flex e-con e-child\" data-id=\"fbcb81d\" data-element_type=\"container\" data-e-type=\"container\" data-settings=\"{&quot;background_background&quot;:&quot;classic&quot;}\">\n\t\t<div data-particle_enable=\"false\" data-particle-mobile-disabled=\"false\" class=\"elementor-element elementor-element-dbb69f8 e-con-full e-flex e-con e-child\" data-id=\"dbb69f8\" data-element_type=\"container\" data-e-type=\"container\">\n\t\t\t\t<div class=\"elementor-element elementor-element-b633bb2 elementor-cta--layout-image-left elementor-cta--mobile-layout-image-above elementor-cta--valign-middle elementor-cta--skin-classic elementor-animated-content elementor-widget elementor-widget-call-to-action\" data-id=\"b633bb2\" data-element_type=\"widget\" data-e-type=\"widget\" data-widget_type=\"call-to-action.default\">\n\t\t\t\t<div class=\"elementor-widget-container\">\n\t\t\t\t\t\t\t<div class=\"elementor-cta\">\n\t\t\t\t\t<div class=\"elementor-cta__bg-wrapper\">\n\t\t\t\t<div class=\"elementor-cta__bg elementor-bg\" style=\"background-image: url(https:\/\/gprodrc.com\/wp-content\/uploads\/2024\/01\/b9714521-364c-4ba3-a59d-add967928d15.jpeg);\" role=\"img\" aria-label=\"_b9714521-364c-4ba3-a59d-add967928d15\"><\/div>\n\t\t\t\t<div class=\"elementor-cta__bg-overlay\"><\/div>\n\t\t\t<\/div>\n\t\t\t\t\t\t\t\t<\/div>\n\t\t\t\t\t\t<\/div>\n\t\t\t\t<\/div>\n\t\t\t\t<\/div>\n\t\t<div data-particle_enable=\"false\" data-particle-mobile-disabled=\"false\" class=\"elementor-element elementor-element-ceb1994 e-con-full e-flex e-con e-child\" data-id=\"ceb1994\" data-element_type=\"container\" data-e-type=\"container\">\n\t\t\t\t<div class=\"elementor-element elementor-element-d4d6155 elementor-widget elementor-widget-heading\" data-id=\"d4d6155\" data-element_type=\"widget\" data-e-type=\"widget\" data-widget_type=\"heading.default\">\n\t\t\t\t<div class=\"elementor-widget-container\">\n\t\t\t\t\t<h3 class=\"elementor-heading-title elementor-size-default\">Post-d\u00e9douanement<\/h3>\t\t\t\t<\/div>\n\t\t\t\t<\/div>\n\t\t\t\t<div class=\"elementor-element elementor-element-e60fc5f elementor-widget elementor-widget-text-editor\" data-id=\"e60fc5f\" data-element_type=\"widget\" data-e-type=\"widget\" data-widget_type=\"text-editor.default\">\n\t\t\t\t<div class=\"elementor-widget-container\">\n\t\t\t\t\t\t\t\t\t<p style=\"font-weight: 400;\">Les services de postd\u00e9douanement sont un aspect crucial du processus d'importation ou d'exportation, car ils impliquent la r\u00e9alisation de toutes les t\u00e2ches de suivi n\u00e9cessaires apr\u00e8s le d\u00e9douanement des marchandises. Ces services peuvent contribuer \u00e0 garantir que votre entreprise respecte pleinement toutes les r\u00e9glementations en vigueur et \u00e0 rationaliser l'ensemble du processus.<\/p>\t\t\t\t\t\t\t\t<\/div>\n\t\t\t\t<\/div>\n\t\t\t\t<\/div>\n\t\t\t\t<\/div>\n\t\t\t\t\t<\/div>\n\t\t\t\t<\/div>\n\t\t\t\t\t<\/div>\n\t\t\t\t<\/div>\n\t\t<div data-particle_enable=\"false\" data-particle-mobile-disabled=\"false\" class=\"elementor-element elementor-element-e4229fc e-flex e-con-boxed e-con e-parent\" data-id=\"e4229fc\" data-element_type=\"container\" data-e-type=\"container\">\n\t\t\t\t\t<div class=\"e-con-inner\">\n\t\t<div data-particle_enable=\"false\" data-particle-mobile-disabled=\"false\" class=\"elementor-element elementor-element-594b60f e-flex e-con-boxed e-con e-child\" data-id=\"594b60f\" data-element_type=\"container\" data-e-type=\"container\">\n\t\t\t\t\t<div class=\"e-con-inner\">\n\t\t\t\t<div class=\"elementor-element elementor-element-31d4a13 elementor-widget elementor-widget-text-editor\" data-id=\"31d4a13\" data-element_type=\"widget\" data-e-type=\"widget\" data-widget_type=\"text-editor.default\">\n\t\t\t\t<div class=\"elementor-widget-container\">\n\t\t\t\t\t\t\t\t\t<p>Notre \u00e9quipe exp\u00e9riment\u00e9s en mati\u00e8re de pr\u00e9d\u00e9douanement peut vous aider \u00e0 accomplir toute une s\u00e9rie de t\u00e2ches :<\/p>\t\t\t\t\t\t\t\t<\/div>\n\t\t\t\t<\/div>\n\t\t\t\t<div class=\"elementor-element elementor-element-b33eefb elementor-widget elementor-widget-text-editor\" data-id=\"b33eefb\" data-element_type=\"widget\" data-e-type=\"widget\" data-widget_type=\"text-editor.default\">\n\t\t\t\t<div class=\"elementor-widget-container\">\n\t\t\t\t\t\t\t\t\t<ul><li><strong>Apurement de la licence de biens<\/strong>: Nous demandons l'acc\u00e8s au profil du client sur des plateformes telles que GUICE et proc\u00e9dons \u00e0 l'acquittement des licences au nom du client. Cela \u00e9vite au client d'\u00e9ventuelles p\u00e9nalit\u00e9s en cas de manquement.<\/li><\/ul><ul><li><b>Remise des documents<\/b>: Une fois la proc\u00e9dure de d\u00e9douanement achev\u00e9e, nous remettons au client tous les documents n\u00e9cessaires pour prouver que les marchandises sont d\u00e9sormais en libre circulation.<\/li><\/ul><ul><li><strong>Retour \u00e9ventuel des conteneurs :<\/strong>\u00a0Si les marchandises ont \u00e9t\u00e9 exp\u00e9di\u00e9es dans des conteneurs qui doivent \u00eatre retourn\u00e9s, nous nous chargeons de les renvoyer \u00e0 la compagnie exp\u00e9ditrice ou \u00e0 un autre endroit d\u00e9sign\u00e9 une fois que les marchandises ont \u00e9t\u00e9 d\u00e9charg\u00e9es et d\u00e9douan\u00e9es. Cela peut aider votre entreprise \u00e0 \u00e9viter toutes les p\u00e9nalit\u00e9s li\u00e9es \u00e0 l'absence de retour des conteneurs de la compagnie exp\u00e9ditrice.<\/li><\/ul>\t\t\t\t\t\t\t\t<\/div>\n\t\t\t\t<\/div>\n\t\t\t\t\t<\/div>\n\t\t\t\t<\/div>\n\t\t\t\t\t<\/div>\n\t\t\t\t<\/div>\n\t\t<div data-particle_enable=\"false\" data-particle-mobile-disabled=\"false\" class=\"elementor-element elementor-element-6bc7cdb e-flex e-con-boxed e-con e-parent\" data-id=\"6bc7cdb\" data-element_type=\"container\" data-e-type=\"container\" data-settings=\"{&quot;background_background&quot;:&quot;classic&quot;}\">\n\t\t\t\t\t<div class=\"e-con-inner\">\n\t\t\t\t<div class=\"elementor-element elementor-element-24eb2c8 content-align-cta-center elementor-widget elementor-widget-eael-cta-box\" data-id=\"24eb2c8\" data-element_type=\"widget\" data-e-type=\"widget\" data-widget_type=\"eael-cta-box.default\">\n\t\t\t\t<div class=\"elementor-widget-container\">\n\t\t\t\t\t\t\t<div class=\"eael-call-to-action cta-basic bg-lite cta-preset-1\">\n        <h2 class=\"title eael-cta-heading\">Besoin de services d'importation et d'exportation de confiance ?<\/h2><p><strong>Nous vous assurons une couverture. Contactez-nous aujourd'hui et laissez-nous nous occuper du reste.<\/strong><\/p><a href=\"https:\/\/gprodrc.com\/fr\/contact\/\" class=\"cta-button cta-preset-1\">Contactez-Nous!<\/a>\t<\/div>\n\t\t\t\t\t\t\t\t<\/div>\n\t\t\t\t<\/div>\n\t\t\t\t\t<\/div>\n\t\t\t\t<\/div>\n\t\t\t\t<\/div>","protected":false},"excerpt":{"rendered":"<p>Customs Forwarder We make trade easy and hassle-free. From pre-clearance to post-clearance, we handle it all. PRE-CLEARANCE Pre-clearance services are an essential part of the import or export process, as they involve preparing all necessary documentation and paperwork before goods are cleared through customs. This can help ensure a smooth customs clearance process and avoid &#8230; <a title=\"Transitaire en Douane\" class=\"read-more\" href=\"https:\/\/gprodrc.com\/fr\/import-export\/\" aria-label=\"En savoir plus sur Import Export\">Lire la suite<\/a><\/p>","protected":false},"author":1,"featured_media":0,"parent":0,"menu_order":0,"comment_status":"closed","ping_status":"closed","template":"elementor_header_footer","meta":{"footnotes":""},"class_list":["post-410","page","type-page","status-publish"],"_links":{"self":[{"href":"https:\/\/gprodrc.com\/fr\/wp-json\/wp\/v2\/pages\/410","targetHints":{"allow":["GET"]}}],"collection":[{"href":"https:\/\/gprodrc.com\/fr\/wp-json\/wp\/v2\/pages"}],"about":[{"href":"https:\/\/gprodrc.com\/fr\/wp-json\/wp\/v2\/types\/page"}],"author":[{"embeddable":true,"href":"https:\/\/gprodrc.com\/fr\/wp-json\/wp\/v2\/users\/1"}],"replies":[{"embeddable":true,"href":"https:\/\/gprodrc.com\/fr\/wp-json\/wp\/v2\/comments?post=410"}],"version-history":[{"count":22,"href":"https:\/\/gprodrc.com\/fr\/wp-json\/wp\/v2\/pages\/410\/revisions"}],"predecessor-version":[{"id":1089,"href":"https:\/\/gprodrc.com\/fr\/wp-json\/wp\/v2\/pages\/410\/revisions\/1089"}],"wp:attachment":[{"href":"https:\/\/gprodrc.com\/fr\/wp-json\/wp\/v2\/media?parent=410"}],"curies":[{"name":"wp","href":"https:\/\/api.w.org\/{rel}","templated":true}]}}